{"id":184,"date":"2015-07-03T03:37:09","date_gmt":"2015-07-03T03:37:09","guid":{"rendered":"http:\/\/pines.greatcrew.eu\/?page_id=184"},"modified":"2024-06-17T16:33:27","modified_gmt":"2024-06-17T16:33:27","slug":"riding-holiday","status":"publish","type":"page","link":"https:\/\/pinetrees.pt.algarvecomputercentre.com\/de\/riding-holiday\/","title":{"rendered":"Riding Holidays"},"content":{"rendered":"<p class=\"qtranxs-available-languages-message qtranxs-available-languages-message-de\">Leider ist der Eintrag nur auf <a href=\"https:\/\/pinetrees.pt.algarvecomputercentre.com\/en\/wp-json\/wp\/v2\/pages\/184\" class=\"qtranxs-available-language-link qtranxs-available-language-link-en\" title=\"English\">English<\/a> verf\u00fcgbar. Der Inhalt wird unten in einer verf\u00fcgbaren Sprache angezeigt. Klicken Sie auf den Link, um die aktuelle Sprache zu \u00e4ndern.<\/p><p><\/p>\n<h2 style=\"text-align: center;\"><strong><em>Tailor made packages \u00a0 \u00a0 \u00a0 \u00a0 \u00a0 \u00a0 \u00a0 \u00a0 \u00a0 \u00a0 \u00a0 \u00a0 \u00a0 \u00a0 \u00a0 \u00a0 \u00a0 \u00a0 \u00a0 \u00a0 \u00a0 \u00a0 \u00a0 \u00a0 \u00a0 \u00a0 \u00a0 \u00a0 \u00a0 \u00a0 \u00a0 \u00a0 \u00a0 \u00a0 \u00a0 \u00a0 \u00a0 \u00a0 \u00a0\u00a0<\/em><\/strong><\/h2>\n<p>If you wish to make riding the main objective of your holiday in the Algarve we recommend you buy a tailor-made package, mixing the balance between lessons and riding out as you wish:<\/p>\n<p>5 hours (\u20ac220)<\/p>\n<p>10 hours (\u20ac400)<\/p>\n<p>At Pinetrees, there are always interesting people to meet so ideal for Riding Holidays for singles or one-parent families. How many days would you like to stay?<\/p>\n<p>You can also pamper yourself with a massage after riding by Natalia from <strong><u><a href=\"http:\/\/www.algarveathomemassage.com\" target=\"_blank\" rel=\"noopener\">At Home Massage<\/a><\/u><\/strong>. Maybe take the opportunity for a facial and pedicure by Jackie at <strong><u>Estetica<\/u><\/strong>.<\/p>\n<p>The great thing about the Almancil\u00b4s\u00a0<strong><u><a href=\"http:\/\/www.goldentriangleforum.com\/\" target=\"_blank\" rel=\"noopener\">Golden Triangle<\/a><\/u><\/strong> is there is plenty to interest everyone, including a non-horsey partner: sports, nature, beach, history, retail therapy, spa, health treatments, and culture&#8230;and an excellent climate all year round.<\/p>\n<p><span style=\"color: #3366ff;\"><span style=\"color: #000000;\">If you are looking for <strong><u>accommodation<\/u><\/strong> there is much to choose from locally, from<\/span> <span style=\"color: #3366ff;\"><a style=\"color: #3366ff;\" href=\"http:\/\/www.sandyblue.com\">SandyBlue The Villa Rental Specialist<\/a><\/span><\/span>, the <u><a href=\"http:\/\/www.conradalgarve.com\/en\/home.html\" target=\"_blank\" rel=\"noopener\">Hotel Conrad<\/a><\/u>, <u><a href=\"http:\/\/www.riaparkhotels.com\/\" target=\"_blank\" rel=\"noopener\">Hotel Ria Park<\/a><\/u>, \u00a0<u><a href=\"http:\/\/www.hotelmagnolia.pt\/\" target=\"_blank\" rel=\"noopener\">Hotel Magnolia<\/a><\/u>, <u><a href=\"http:\/\/apartamentosfloresta.com\/en\/hotel-overview.html\" target=\"_blank\" rel=\"noopener\">A Floresta Apartments<\/a><\/u>, <a href=\"http:\/\/www.portugalpropertyservices.com\/\">Portugal Property Services <\/a>, <a href=\"http:\/\/www.villas-vacations.com\/scripts\/index.php\">Villas &amp; Vacations<\/a>,\u00a0 numerous villas&#8230;.or, if you really can\u2019t keep away you could stay with us at the stables! Ideal for<em> <strong>Single Travellers<\/strong><\/em><\/p>\n<p><strong>pics<\/strong>: our villa, Pinetrees friends eat mince pies and raise their glasses at Christmas, Summer <strong><em>Picnic in the park\u00a0<\/em><\/strong>in Quinta do Lago every Friday evening, riding out on a <em>winter<\/em> riding holiday<\/p>\n<p><strong>*Please do not use contact form on this site. Send your information to bevpinetrees@gamil.com or WhatsApp +351 919363190<\/strong><\/p>\n<div class=\"slider\"><img loading=\"lazy\" decoding=\"async\" width=\"960\" height=\"642\" src=\"https:\/\/pinetrees.pt.algarvecomputercentre.com\/wp-content\/uploads\/2015\/06\/Villa1-960x642.jpg\" class=\"attachment-big_photo size-big_photo\" alt=\"\" srcset=\"https:\/\/pinetrees.pt.algarvecomputercentre.com\/wp-content\/uploads\/2015\/06\/Villa1-960x642.jpg 960w, https:\/\/pinetrees.pt.algarvecomputercentre.com\/wp-content\/uploads\/2015\/06\/Villa1-300x200.jpg 300w, https:\/\/pinetrees.pt.algarvecomputercentre.com\/wp-content\/uploads\/2015\/06\/Villa1-1280x855.jpg 1280w\" sizes=\"auto, (max-width: 960px) 100vw, 960px\" \/><img loading=\"lazy\" decoding=\"async\" width=\"960\" height=\"540\" src=\"https:\/\/pinetrees.pt.algarvecomputercentre.com\/wp-content\/uploads\/2015\/07\/20141224_162028-960x540.jpg\" class=\"attachment-big_photo size-big_photo\" alt=\"\" srcset=\"https:\/\/pinetrees.pt.algarvecomputercentre.com\/wp-content\/uploads\/2015\/07\/20141224_162028-960x540.jpg 960w, https:\/\/pinetrees.pt.algarvecomputercentre.com\/wp-content\/uploads\/2015\/07\/20141224_162028-300x169.jpg 300w, https:\/\/pinetrees.pt.algarvecomputercentre.com\/wp-content\/uploads\/2015\/07\/20141224_162028-1280x720.jpg 1280w, https:\/\/pinetrees.pt.algarvecomputercentre.com\/wp-content\/uploads\/2015\/07\/20141224_162028.jpg 1600w\" sizes=\"auto, (max-width: 960px) 100vw, 960px\" \/><img loading=\"lazy\" decoding=\"async\" width=\"960\" height=\"540\" src=\"https:\/\/pinetrees.pt.algarvecomputercentre.com\/wp-content\/uploads\/2015\/07\/20140801_201307-960x540.jpg\" class=\"attachment-big_photo size-big_photo\" alt=\"\" srcset=\"https:\/\/pinetrees.pt.algarvecomputercentre.com\/wp-content\/uploads\/2015\/07\/20140801_201307-960x540.jpg 960w, https:\/\/pinetrees.pt.algarvecomputercentre.com\/wp-content\/uploads\/2015\/07\/20140801_201307-300x169.jpg 300w, https:\/\/pinetrees.pt.algarvecomputercentre.com\/wp-content\/uploads\/2015\/07\/20140801_201307-1280x720.jpg 1280w, https:\/\/pinetrees.pt.algarvecomputercentre.com\/wp-content\/uploads\/2015\/07\/20140801_201307.jpg 1600w\" sizes=\"auto, (max-width: 960px) 100vw, 960px\" \/><img loading=\"lazy\" decoding=\"async\" width=\"960\" height=\"540\" src=\"https:\/\/pinetrees.pt.algarvecomputercentre.com\/wp-content\/uploads\/2015\/07\/20141224_155155-960x540.jpg\" class=\"attachment-big_photo size-big_photo\" alt=\"\" srcset=\"https:\/\/pinetrees.pt.algarvecomputercentre.com\/wp-content\/uploads\/2015\/07\/20141224_155155-960x540.jpg 960w, https:\/\/pinetrees.pt.algarvecomputercentre.com\/wp-content\/uploads\/2015\/07\/20141224_155155-300x169.jpg 300w, https:\/\/pinetrees.pt.algarvecomputercentre.com\/wp-content\/uploads\/2015\/07\/20141224_155155-1280x720.jpg 1280w, https:\/\/pinetrees.pt.algarvecomputercentre.com\/wp-content\/uploads\/2015\/07\/20141224_155155.jpg 1600w\" sizes=\"auto, (max-width: 960px) 100vw, 960px\" \/><\/div>\n\n<p><\/p>","protected":false},"excerpt":{"rendered":"<p>Leider ist der Eintrag nur auf English verf\u00fcgbar. Der Inhalt wird unten in einer verf\u00fcgbaren Sprache angezeigt. Klicken Sie auf den Link, um die aktuelle Sprache zu \u00e4ndern. Tailor made packages \u00a0 \u00a0 \u00a0 \u00a0 \u00a0 \u00a0 \u00a0 \u00a0 \u00a0 \u00a0 \u00a0 \u00a0 \u00a0 \u00a0 \u00a0 \u00a0 \u00a0 \u00a0 \u00a0 \u00a0 \u00a0 \u00a0 \u00a0 \u00a0 [&hellip;]<\/p>\n","protected":false},"author":1,"featured_media":139,"parent":0,"menu_order":0,"comment_status":"open","ping_status":"open","template":"","meta":{"_acf_changed":false,"footnotes":""},"class_list":["post-184","page","type-page","status-publish","has-post-thumbnail","hentry"],"acf":[],"yoast_head":"<!-- This site is optimized with the Yoast SEO plugin v25.1 - https:\/\/yoast.com\/wordpress\/plugins\/seo\/ -->\n<title>Riding Holidays | Pinetrees Riding Centre<\/title>\n<meta name=\"robots\" content=\"index, follow, max-snippet:-1, max-image-preview:large, max-video-preview:-1\" \/>\n<link rel=\"canonical\" href=\"https:\/\/www.pinetrees.pt.algarvecomputercentre.com\/riding-holiday\/\" \/>\n<meta property=\"og:locale\" content=\"de_DE\" \/>\n<meta property=\"og:type\" content=\"article\" \/>\n<meta property=\"og:title\" content=\"Riding Holidays | Pinetrees Riding Centre\" \/>\n<meta property=\"og:description\" content=\"Leider ist der Eintrag nur auf English verf\u00fcgbar. Der Inhalt wird unten in einer verf\u00fcgbaren Sprache angezeigt. Klicken Sie auf den Link, um die aktuelle Sprache zu \u00e4ndern. Tailor made packages \u00a0 \u00a0 \u00a0 \u00a0 \u00a0 \u00a0 \u00a0 \u00a0 \u00a0 \u00a0 \u00a0 \u00a0 \u00a0 \u00a0 \u00a0 \u00a0 \u00a0 \u00a0 \u00a0 \u00a0 \u00a0 \u00a0 \u00a0 \u00a0 [&hellip;]\" \/>\n<meta property=\"og:url\" content=\"https:\/\/www.pinetrees.pt.algarvecomputercentre.com\/riding-holiday\/\" \/>\n<meta property=\"og:site_name\" content=\"Pinetrees Riding Centre\" \/>\n<meta property=\"article:modified_time\" content=\"2024-06-17T16:33:27+00:00\" \/>\n<meta property=\"og:image\" content=\"https:\/\/www.pinetrees.pt.algarvecomputercentre.com\/wp-content\/uploads\/2015\/07\/PinetressRidingCentre-Horses-cover.jpg\" \/>\n\t<meta property=\"og:image:width\" content=\"1800\" \/>\n\t<meta property=\"og:image:height\" content=\"800\" \/>\n\t<meta property=\"og:image:type\" content=\"image\/jpeg\" \/>\n<meta name=\"twitter:card\" content=\"summary_large_image\" \/>\n<meta name=\"twitter:label1\" content=\"Gesch\u00e4tzte Lesezeit\" \/>\n\t<meta name=\"twitter:data1\" content=\"1\u00a0Minute\" \/>\n<script type=\"application\/ld+json\" class=\"yoast-schema-graph\">{\"@context\":\"https:\/\/schema.org\",\"@graph\":[{\"@type\":\"WebPage\",\"@id\":\"https:\/\/www.pinetrees.pt.algarvecomputercentre.com\/riding-holiday\/\",\"url\":\"https:\/\/www.pinetrees.pt.algarvecomputercentre.com\/riding-holiday\/\",\"name\":\"Riding Holidays | Pinetrees Riding Centre\",\"isPartOf\":{\"@id\":\"https:\/\/pinetrees.pt\/pt\/#website\"},\"primaryImageOfPage\":{\"@id\":\"https:\/\/www.pinetrees.pt.algarvecomputercentre.com\/riding-holiday\/#primaryimage\"},\"image\":{\"@id\":\"https:\/\/www.pinetrees.pt.algarvecomputercentre.com\/riding-holiday\/#primaryimage\"},\"thumbnailUrl\":\"https:\/\/pinetrees.pt.algarvecomputercentre.com\/wp-content\/uploads\/2015\/07\/PinetressRidingCentre-Horses-cover.jpg\",\"datePublished\":\"2015-07-03T03:37:09+00:00\",\"dateModified\":\"2024-06-17T16:33:27+00:00\",\"breadcrumb\":{\"@id\":\"https:\/\/www.pinetrees.pt.algarvecomputercentre.com\/riding-holiday\/#breadcrumb\"},\"inLanguage\":\"de\",\"potentialAction\":[{\"@type\":\"ReadAction\",\"target\":[\"https:\/\/www.pinetrees.pt.algarvecomputercentre.com\/riding-holiday\/\"]}]},{\"@type\":\"ImageObject\",\"inLanguage\":\"de\",\"@id\":\"https:\/\/www.pinetrees.pt.algarvecomputercentre.com\/riding-holiday\/#primaryimage\",\"url\":\"https:\/\/pinetrees.pt.algarvecomputercentre.com\/wp-content\/uploads\/2015\/07\/PinetressRidingCentre-Horses-cover.jpg\",\"contentUrl\":\"https:\/\/pinetrees.pt.algarvecomputercentre.com\/wp-content\/uploads\/2015\/07\/PinetressRidingCentre-Horses-cover.jpg\",\"width\":1800,\"height\":800},{\"@type\":\"BreadcrumbList\",\"@id\":\"https:\/\/www.pinetrees.pt.algarvecomputercentre.com\/riding-holiday\/#breadcrumb\",\"itemListElement\":[{\"@type\":\"ListItem\",\"position\":1,\"name\":\"Home\",\"item\":\"https:\/\/pinetrees.pt\/pt\/\"},{\"@type\":\"ListItem\",\"position\":2,\"name\":\"Riding Holidays\"}]},{\"@type\":\"WebSite\",\"@id\":\"https:\/\/pinetrees.pt\/pt\/#website\",\"url\":\"https:\/\/pinetrees.pt\/pt\/\",\"name\":\"Pinetrees Riding Centre\",\"description\":\"Your best riding experience in Algarve\",\"potentialAction\":[{\"@type\":\"SearchAction\",\"target\":{\"@type\":\"EntryPoint\",\"urlTemplate\":\"https:\/\/pinetrees.pt\/pt\/?s={search_term_string}\"},\"query-input\":{\"@type\":\"PropertyValueSpecification\",\"valueRequired\":true,\"valueName\":\"search_term_string\"}}],\"inLanguage\":\"de\"}]}<\/script>\n<!-- \/ Yoast SEO plugin. -->","yoast_head_json":{"title":"Riding Holidays | Pinetrees Riding Centre","robots":{"index":"index","follow":"follow","max-snippet":"max-snippet:-1","max-image-preview":"max-image-preview:large","max-video-preview":"max-video-preview:-1"},"canonical":"https:\/\/www.pinetrees.pt.algarvecomputercentre.com\/riding-holiday\/","og_locale":"de_DE","og_type":"article","og_title":"Riding Holidays | Pinetrees Riding Centre","og_description":"Leider ist der Eintrag nur auf English verf\u00fcgbar. Der Inhalt wird unten in einer verf\u00fcgbaren Sprache angezeigt. Klicken Sie auf den Link, um die aktuelle Sprache zu \u00e4ndern. Tailor made packages \u00a0 \u00a0 \u00a0 \u00a0 \u00a0 \u00a0 \u00a0 \u00a0 \u00a0 \u00a0 \u00a0 \u00a0 \u00a0 \u00a0 \u00a0 \u00a0 \u00a0 \u00a0 \u00a0 \u00a0 \u00a0 \u00a0 \u00a0 \u00a0 [&hellip;]","og_url":"https:\/\/www.pinetrees.pt.algarvecomputercentre.com\/riding-holiday\/","og_site_name":"Pinetrees Riding Centre","article_modified_time":"2024-06-17T16:33:27+00:00","og_image":[{"width":1800,"height":800,"url":"https:\/\/www.pinetrees.pt.algarvecomputercentre.com\/wp-content\/uploads\/2015\/07\/PinetressRidingCentre-Horses-cover.jpg","type":"image\/jpeg"}],"twitter_card":"summary_large_image","twitter_misc":{"Gesch\u00e4tzte Lesezeit":"1\u00a0Minute"},"schema":{"@context":"https:\/\/schema.org","@graph":[{"@type":"WebPage","@id":"https:\/\/www.pinetrees.pt.algarvecomputercentre.com\/riding-holiday\/","url":"https:\/\/www.pinetrees.pt.algarvecomputercentre.com\/riding-holiday\/","name":"Riding Holidays | Pinetrees Riding Centre","isPartOf":{"@id":"https:\/\/pinetrees.pt\/pt\/#website"},"primaryImageOfPage":{"@id":"https:\/\/www.pinetrees.pt.algarvecomputercentre.com\/riding-holiday\/#primaryimage"},"image":{"@id":"https:\/\/www.pinetrees.pt.algarvecomputercentre.com\/riding-holiday\/#primaryimage"},"thumbnailUrl":"https:\/\/pinetrees.pt.algarvecomputercentre.com\/wp-content\/uploads\/2015\/07\/PinetressRidingCentre-Horses-cover.jpg","datePublished":"2015-07-03T03:37:09+00:00","dateModified":"2024-06-17T16:33:27+00:00","breadcrumb":{"@id":"https:\/\/www.pinetrees.pt.algarvecomputercentre.com\/riding-holiday\/#breadcrumb"},"inLanguage":"de","potentialAction":[{"@type":"ReadAction","target":["https:\/\/www.pinetrees.pt.algarvecomputercentre.com\/riding-holiday\/"]}]},{"@type":"ImageObject","inLanguage":"de","@id":"https:\/\/www.pinetrees.pt.algarvecomputercentre.com\/riding-holiday\/#primaryimage","url":"https:\/\/pinetrees.pt.algarvecomputercentre.com\/wp-content\/uploads\/2015\/07\/PinetressRidingCentre-Horses-cover.jpg","contentUrl":"https:\/\/pinetrees.pt.algarvecomputercentre.com\/wp-content\/uploads\/2015\/07\/PinetressRidingCentre-Horses-cover.jpg","width":1800,"height":800},{"@type":"BreadcrumbList","@id":"https:\/\/www.pinetrees.pt.algarvecomputercentre.com\/riding-holiday\/#breadcrumb","itemListElement":[{"@type":"ListItem","position":1,"name":"Home","item":"https:\/\/pinetrees.pt\/pt\/"},{"@type":"ListItem","position":2,"name":"Riding Holidays"}]},{"@type":"WebSite","@id":"https:\/\/pinetrees.pt\/pt\/#website","url":"https:\/\/pinetrees.pt\/pt\/","name":"Pinetrees Riding Centre","description":"Your best riding experience in Algarve","potentialAction":[{"@type":"SearchAction","target":{"@type":"EntryPoint","urlTemplate":"https:\/\/pinetrees.pt\/pt\/?s={search_term_string}"},"query-input":{"@type":"PropertyValueSpecification","valueRequired":true,"valueName":"search_term_string"}}],"inLanguage":"de"}]}},"_links":{"self":[{"href":"https:\/\/pinetrees.pt.algarvecomputercentre.com\/de\/wp-json\/wp\/v2\/pages\/184","targetHints":{"allow":["GET"]}}],"collection":[{"href":"https:\/\/pinetrees.pt.algarvecomputercentre.com\/de\/wp-json\/wp\/v2\/pages"}],"about":[{"href":"https:\/\/pinetrees.pt.algarvecomputercentre.com\/de\/wp-json\/wp\/v2\/types\/page"}],"author":[{"embeddable":true,"href":"https:\/\/pinetrees.pt.algarvecomputercentre.com\/de\/wp-json\/wp\/v2\/users\/1"}],"replies":[{"embeddable":true,"href":"https:\/\/pinetrees.pt.algarvecomputercentre.com\/de\/wp-json\/wp\/v2\/comments?post=184"}],"version-history":[{"count":46,"href":"https:\/\/pinetrees.pt.algarvecomputercentre.com\/de\/wp-json\/wp\/v2\/pages\/184\/revisions"}],"predecessor-version":[{"id":18739,"href":"https:\/\/pinetrees.pt.algarvecomputercentre.com\/de\/wp-json\/wp\/v2\/pages\/184\/revisions\/18739"}],"wp:featuredmedia":[{"embeddable":true,"href":"https:\/\/pinetrees.pt.algarvecomputercentre.com\/de\/wp-json\/wp\/v2\/media\/139"}],"wp:attachment":[{"href":"https:\/\/pinetrees.pt.algarvecomputercentre.com\/de\/wp-json\/wp\/v2\/media?parent=184"}],"curies":[{"name":"wp","href":"https:\/\/api.w.org\/{rel}","templated":true}]}}