{"id":24,"date":"2015-06-23T13:04:14","date_gmt":"2015-06-23T13:04:14","guid":{"rendered":"http:\/\/pines.greatcrew.eu\/?page_id=24"},"modified":"2024-02-06T15:46:25","modified_gmt":"2024-02-06T15:46:25","slug":"facilities","status":"publish","type":"page","link":"https:\/\/pinetrees.pt.algarvecomputercentre.com\/de\/about\/facilities\/","title":{"rendered":"Facilities"},"content":{"rendered":"<p class=\"qtranxs-available-languages-message qtranxs-available-languages-message-de\">Leider ist der Eintrag nur auf <a href=\"https:\/\/pinetrees.pt.algarvecomputercentre.com\/en\/wp-json\/wp\/v2\/pages\/24\" class=\"qtranxs-available-language-link qtranxs-available-language-link-en\" title=\"English\">English<\/a> und <a href=\"https:\/\/pinetrees.pt.algarvecomputercentre.com\/ru\/wp-json\/wp\/v2\/pages\/24\" class=\"qtranxs-available-language-link qtranxs-available-language-link-ru\" title=\"\u0420\u0443\u0441\u0441\u043a\u0438\u0439\">\u0420\u0443\u0441\u0441\u043a\u0438\u0439<\/a> verf\u00fcgbar. Der Inhalt wird in der Standard-Sprache dieser Website angezeigt. Sie k\u00f6nnen einen Link anklicken, um zu einer anderen verf\u00fcgbaren Sprache zu wechseln.<\/p><p><\/p>\n<h2>First School in Portugal To Be Approved By The Association Of British Riding Schools<\/h2>\n<p class=\"p1\"><span class=\"s1\"><br \/>\nQualified riding teachers, trained assistants, and first aiders.<\/span><\/p>\n<p class=\"p1\"><span class=\"s1\">Speaking English, Portuguese, French, Spanish, Russian, and German.<\/span><\/p>\n<p class=\"p1\"><span class=\"s1\">60m x 40m arena for dressage and jumping.<\/span><\/p>\n<p class=\"p1\"><span class=\"s1\">30m x 15m small arena for ponies.<\/span><\/p>\n<p class=\"p1\"><span class=\"s1\">Iberian and part-bred horses.<\/span><\/p>\n<p class=\"p1\"><span class=\"s1\">Catering for riders up to 14 stone, (200 Ibs, 90 kg).<\/span><\/p>\n<p class=\"p1\"><span class=\"s1\">Ponies for children.<\/span><\/p>\n<p class=\"p1\"><span class=\"s1\">Changing rooms, toilets, showers.<\/span><\/p>\n<p class=\"p1\"><span class=\"s1\">Riding equipment supplied: boots, hats, jodhpurs, ankle socks, chaps, etc.<\/span><\/p>\n<p class=\"p1\"><span class=\"s1\">Portugal&#8217;s leading centre in Riding for Disabled riders.<\/span><\/p>\n<p class=\"p1\"><span class=\"s1\">Ramp for wheelchairs.<\/span><\/p>\n<p>Training sessions can be filmed<\/p>\n<p class=\"p1\">Direct access to the countryside.<\/p>\n<p>Villa accommodation on site<\/p>\n<div class=\"slider\"><img loading=\"lazy\" decoding=\"async\" width=\"960\" height=\"644\" src=\"https:\/\/pinetrees.pt.algarvecomputercentre.com\/wp-content\/uploads\/2015\/07\/PinetressRidingCentre-960x644.jpg\" class=\"attachment-big_photo size-big_photo\" alt=\"\" srcset=\"https:\/\/pinetrees.pt.algarvecomputercentre.com\/wp-content\/uploads\/2015\/07\/PinetressRidingCentre-960x644.jpg 960w, https:\/\/pinetrees.pt.algarvecomputercentre.com\/wp-content\/uploads\/2015\/07\/PinetressRidingCentre-300x200.jpg 300w, https:\/\/pinetrees.pt.algarvecomputercentre.com\/wp-content\/uploads\/2015\/07\/PinetressRidingCentre.jpg 1000w\" sizes=\"auto, (max-width: 960px) 100vw, 960px\" \/><img loading=\"lazy\" decoding=\"async\" width=\"960\" height=\"642\" src=\"https:\/\/pinetrees.pt.algarvecomputercentre.com\/wp-content\/uploads\/2015\/06\/Villa-960x642.jpg\" class=\"attachment-big_photo size-big_photo\" alt=\"\" srcset=\"https:\/\/pinetrees.pt.algarvecomputercentre.com\/wp-content\/uploads\/2015\/06\/Villa-960x642.jpg 960w, https:\/\/pinetrees.pt.algarvecomputercentre.com\/wp-content\/uploads\/2015\/06\/Villa-300x200.jpg 300w, https:\/\/pinetrees.pt.algarvecomputercentre.com\/wp-content\/uploads\/2015\/06\/Villa-1280x855.jpg 1280w\" sizes=\"auto, (max-width: 960px) 100vw, 960px\" \/><img loading=\"lazy\" decoding=\"async\" width=\"960\" height=\"640\" src=\"https:\/\/pinetrees.pt.algarvecomputercentre.com\/wp-content\/uploads\/2015\/06\/Entrance1-960x640.jpg\" class=\"attachment-big_photo size-big_photo\" alt=\"\" srcset=\"https:\/\/pinetrees.pt.algarvecomputercentre.com\/wp-content\/uploads\/2015\/06\/Entrance1-960x640.jpg 960w, https:\/\/pinetrees.pt.algarvecomputercentre.com\/wp-content\/uploads\/2015\/06\/Entrance1-300x200.jpg 300w, https:\/\/pinetrees.pt.algarvecomputercentre.com\/wp-content\/uploads\/2015\/06\/Entrance1-1280x853.jpg 1280w\" sizes=\"auto, (max-width: 960px) 100vw, 960px\" \/><img loading=\"lazy\" decoding=\"async\" width=\"960\" height=\"320\" src=\"https:\/\/pinetrees.pt.algarvecomputercentre.com\/wp-content\/uploads\/2015\/07\/PinetressRidingCentre-4-960x320.jpg\" class=\"attachment-big_photo size-big_photo\" alt=\"\" srcset=\"https:\/\/pinetrees.pt.algarvecomputercentre.com\/wp-content\/uploads\/2015\/07\/PinetressRidingCentre-4-960x320.jpg 960w, https:\/\/pinetrees.pt.algarvecomputercentre.com\/wp-content\/uploads\/2015\/07\/PinetressRidingCentre-4-300x100.jpg 300w, https:\/\/pinetrees.pt.algarvecomputercentre.com\/wp-content\/uploads\/2015\/07\/PinetressRidingCentre-4-1280x427.jpg 1280w\" sizes=\"auto, (max-width: 960px) 100vw, 960px\" \/><img loading=\"lazy\" decoding=\"async\" width=\"960\" height=\"640\" src=\"https:\/\/pinetrees.pt.algarvecomputercentre.com\/wp-content\/uploads\/2015\/06\/Horses-960x640.jpg\" class=\"attachment-big_photo size-big_photo\" alt=\"\" srcset=\"https:\/\/pinetrees.pt.algarvecomputercentre.com\/wp-content\/uploads\/2015\/06\/Horses-960x640.jpg 960w, https:\/\/pinetrees.pt.algarvecomputercentre.com\/wp-content\/uploads\/2015\/06\/Horses-300x200.jpg 300w, https:\/\/pinetrees.pt.algarvecomputercentre.com\/wp-content\/uploads\/2015\/06\/Horses-1280x854.jpg 1280w, https:\/\/pinetrees.pt.algarvecomputercentre.com\/wp-content\/uploads\/2015\/06\/Horses.jpg 1442w\" sizes=\"auto, (max-width: 960px) 100vw, 960px\" \/><img loading=\"lazy\" decoding=\"async\" width=\"626\" height=\"960\" src=\"https:\/\/pinetrees.pt.algarvecomputercentre.com\/wp-content\/uploads\/2015\/07\/PinetressRidingCentre-Horse-4-626x960.jpg\" class=\"attachment-big_photo size-big_photo\" alt=\"\" srcset=\"https:\/\/pinetrees.pt.algarvecomputercentre.com\/wp-content\/uploads\/2015\/07\/PinetressRidingCentre-Horse-4-626x960.jpg 626w, https:\/\/pinetrees.pt.algarvecomputercentre.com\/wp-content\/uploads\/2015\/07\/PinetressRidingCentre-Horse-4-196x300.jpg 196w, https:\/\/pinetrees.pt.algarvecomputercentre.com\/wp-content\/uploads\/2015\/07\/PinetressRidingCentre-Horse-4-835x1280.jpg 835w, https:\/\/pinetrees.pt.algarvecomputercentre.com\/wp-content\/uploads\/2015\/07\/PinetressRidingCentre-Horse-4.jpg 1398w\" sizes=\"auto, (max-width: 626px) 100vw, 626px\" \/><img loading=\"lazy\" decoding=\"async\" width=\"863\" height=\"575\" src=\"https:\/\/pinetrees.pt.algarvecomputercentre.com\/wp-content\/uploads\/2015\/07\/Horses-2.jpg\" class=\"attachment-big_photo size-big_photo\" alt=\"\" srcset=\"https:\/\/pinetrees.pt.algarvecomputercentre.com\/wp-content\/uploads\/2015\/07\/Horses-2.jpg 863w, https:\/\/pinetrees.pt.algarvecomputercentre.com\/wp-content\/uploads\/2015\/07\/Horses-2-300x200.jpg 300w\" sizes=\"auto, (max-width: 863px) 100vw, 863px\" \/><img loading=\"lazy\" decoding=\"async\" width=\"640\" height=\"960\" src=\"https:\/\/pinetrees.pt.algarvecomputercentre.com\/wp-content\/uploads\/2015\/07\/PinetressRidingCentre-Equip-640x960.jpg\" class=\"attachment-big_photo size-big_photo\" alt=\"\" srcset=\"https:\/\/pinetrees.pt.algarvecomputercentre.com\/wp-content\/uploads\/2015\/07\/PinetressRidingCentre-Equip-640x960.jpg 640w, https:\/\/pinetrees.pt.algarvecomputercentre.com\/wp-content\/uploads\/2015\/07\/PinetressRidingCentre-Equip-200x300.jpg 200w, https:\/\/pinetrees.pt.algarvecomputercentre.com\/wp-content\/uploads\/2015\/07\/PinetressRidingCentre-Equip-853x1280.jpg 853w, https:\/\/pinetrees.pt.algarvecomputercentre.com\/wp-content\/uploads\/2015\/07\/PinetressRidingCentre-Equip.jpg 1600w\" sizes=\"auto, (max-width: 640px) 100vw, 640px\" \/><img loading=\"lazy\" decoding=\"async\" width=\"960\" height=\"639\" src=\"https:\/\/pinetrees.pt.algarvecomputercentre.com\/wp-content\/uploads\/2015\/07\/PinetressRidingCentre-10-960x639.jpg\" class=\"attachment-big_photo size-big_photo\" alt=\"\" srcset=\"https:\/\/pinetrees.pt.algarvecomputercentre.com\/wp-content\/uploads\/2015\/07\/PinetressRidingCentre-10-960x639.jpg 960w, https:\/\/pinetrees.pt.algarvecomputercentre.com\/wp-content\/uploads\/2015\/07\/PinetressRidingCentre-10-300x200.jpg 300w, https:\/\/pinetrees.pt.algarvecomputercentre.com\/wp-content\/uploads\/2015\/07\/PinetressRidingCentre-10-1280x852.jpg 1280w, https:\/\/pinetrees.pt.algarvecomputercentre.com\/wp-content\/uploads\/2015\/07\/PinetressRidingCentre-10.jpg 1476w\" sizes=\"auto, (max-width: 960px) 100vw, 960px\" \/><\/div>\n\n<p><\/p>","protected":false},"excerpt":{"rendered":"<p>Leider ist der Eintrag nur auf English und \u0420\u0443\u0441\u0441\u043a\u0438\u0439 verf\u00fcgbar. Der Inhalt wird in der Standard-Sprache dieser Website angezeigt. Sie k\u00f6nnen einen Link anklicken, um zu einer anderen verf\u00fcgbaren Sprache zu wechseln. First School in Portugal To Be Approved By The Association Of British Riding Schools Qualified riding teachers, trained assistants, and first aiders. Speaking [&hellip;]<\/p>\n","protected":false},"author":1,"featured_media":41,"parent":34,"menu_order":4,"comment_status":"open","ping_status":"open","template":"","meta":{"_acf_changed":false,"footnotes":""},"class_list":["post-24","page","type-page","status-publish","has-post-thumbnail","hentry"],"acf":[],"yoast_head":"<!-- This site is optimized with the Yoast SEO plugin v25.1 - https:\/\/yoast.com\/wordpress\/plugins\/seo\/ -->\n<title>Facilities | Pinetrees Riding Centre<\/title>\n<meta name=\"robots\" content=\"index, follow, max-snippet:-1, max-image-preview:large, max-video-preview:-1\" \/>\n<link rel=\"canonical\" href=\"https:\/\/pinetrees.pt\/pt\/about\/facilities\/\" \/>\n<meta property=\"og:locale\" content=\"de_DE\" \/>\n<meta property=\"og:type\" content=\"article\" \/>\n<meta property=\"og:title\" content=\"Facilities | Pinetrees Riding Centre\" \/>\n<meta property=\"og:description\" content=\"Leider ist der Eintrag nur auf English und \u0420\u0443\u0441\u0441\u043a\u0438\u0439 verf\u00fcgbar. Der Inhalt wird in der Standard-Sprache dieser Website angezeigt. Sie k\u00f6nnen einen Link anklicken, um zu einer anderen verf\u00fcgbaren Sprache zu wechseln. First School in Portugal To Be Approved By The Association Of British Riding Schools Qualified riding teachers, trained assistants, and first aiders. Speaking [&hellip;]\" \/>\n<meta property=\"og:url\" content=\"https:\/\/pinetrees.pt\/pt\/about\/facilities\/\" \/>\n<meta property=\"og:site_name\" content=\"Pinetrees Riding Centre\" \/>\n<meta property=\"article:modified_time\" content=\"2024-02-06T15:46:25+00:00\" \/>\n<meta property=\"og:image\" content=\"https:\/\/pinetrees.pt\/wp-content\/uploads\/2015\/06\/Facilities.jpg\" \/>\n\t<meta property=\"og:image:width\" content=\"1000\" \/>\n\t<meta property=\"og:image:height\" content=\"671\" \/>\n\t<meta property=\"og:image:type\" content=\"image\/jpeg\" \/>\n<meta name=\"twitter:card\" content=\"summary_large_image\" \/>\n<meta name=\"twitter:label1\" content=\"Gesch\u00e4tzte Lesezeit\" \/>\n\t<meta name=\"twitter:data1\" content=\"1\u00a0Minute\" \/>\n<script type=\"application\/ld+json\" class=\"yoast-schema-graph\">{\"@context\":\"https:\/\/schema.org\",\"@graph\":[{\"@type\":\"WebPage\",\"@id\":\"https:\/\/pinetrees.pt\/pt\/about\/facilities\/\",\"url\":\"https:\/\/pinetrees.pt\/pt\/about\/facilities\/\",\"name\":\"Facilities | Pinetrees Riding Centre\",\"isPartOf\":{\"@id\":\"https:\/\/www.pinetrees.pt.algarvecomputercentre.com\/#website\"},\"primaryImageOfPage\":{\"@id\":\"https:\/\/pinetrees.pt\/pt\/about\/facilities\/#primaryimage\"},\"image\":{\"@id\":\"https:\/\/pinetrees.pt\/pt\/about\/facilities\/#primaryimage\"},\"thumbnailUrl\":\"https:\/\/pinetrees.pt.algarvecomputercentre.com\/wp-content\/uploads\/2015\/06\/Facilities.jpg\",\"datePublished\":\"2015-06-23T13:04:14+00:00\",\"dateModified\":\"2024-02-06T15:46:25+00:00\",\"breadcrumb\":{\"@id\":\"https:\/\/pinetrees.pt\/pt\/about\/facilities\/#breadcrumb\"},\"inLanguage\":\"de\",\"potentialAction\":[{\"@type\":\"ReadAction\",\"target\":[\"https:\/\/pinetrees.pt\/pt\/about\/facilities\/\"]}]},{\"@type\":\"ImageObject\",\"inLanguage\":\"de\",\"@id\":\"https:\/\/pinetrees.pt\/pt\/about\/facilities\/#primaryimage\",\"url\":\"https:\/\/pinetrees.pt.algarvecomputercentre.com\/wp-content\/uploads\/2015\/06\/Facilities.jpg\",\"contentUrl\":\"https:\/\/pinetrees.pt.algarvecomputercentre.com\/wp-content\/uploads\/2015\/06\/Facilities.jpg\",\"width\":1000,\"height\":671},{\"@type\":\"BreadcrumbList\",\"@id\":\"https:\/\/pinetrees.pt\/pt\/about\/facilities\/#breadcrumb\",\"itemListElement\":[{\"@type\":\"ListItem\",\"position\":1,\"name\":\"Home\",\"item\":\"https:\/\/www.pinetrees.pt.algarvecomputercentre.com\/\"},{\"@type\":\"ListItem\",\"position\":2,\"name\":\"About the horse riding centre\",\"item\":\"https:\/\/www.pinetrees.pt.algarvecomputercentre.com\/about\/\"},{\"@type\":\"ListItem\",\"position\":3,\"name\":\"Facilities\"}]},{\"@type\":\"WebSite\",\"@id\":\"https:\/\/www.pinetrees.pt.algarvecomputercentre.com\/#website\",\"url\":\"https:\/\/www.pinetrees.pt.algarvecomputercentre.com\/\",\"name\":\"Pinetrees Riding Centre\",\"description\":\"Your best riding experience in Algarve\",\"potentialAction\":[{\"@type\":\"SearchAction\",\"target\":{\"@type\":\"EntryPoint\",\"urlTemplate\":\"https:\/\/www.pinetrees.pt.algarvecomputercentre.com\/?s={search_term_string}\"},\"query-input\":{\"@type\":\"PropertyValueSpecification\",\"valueRequired\":true,\"valueName\":\"search_term_string\"}}],\"inLanguage\":\"de\"}]}<\/script>\n<!-- \/ Yoast SEO plugin. -->","yoast_head_json":{"title":"Facilities | Pinetrees Riding Centre","robots":{"index":"index","follow":"follow","max-snippet":"max-snippet:-1","max-image-preview":"max-image-preview:large","max-video-preview":"max-video-preview:-1"},"canonical":"https:\/\/pinetrees.pt\/pt\/about\/facilities\/","og_locale":"de_DE","og_type":"article","og_title":"Facilities | Pinetrees Riding Centre","og_description":"Leider ist der Eintrag nur auf English und \u0420\u0443\u0441\u0441\u043a\u0438\u0439 verf\u00fcgbar. Der Inhalt wird in der Standard-Sprache dieser Website angezeigt. Sie k\u00f6nnen einen Link anklicken, um zu einer anderen verf\u00fcgbaren Sprache zu wechseln. First School in Portugal To Be Approved By The Association Of British Riding Schools Qualified riding teachers, trained assistants, and first aiders. Speaking [&hellip;]","og_url":"https:\/\/pinetrees.pt\/pt\/about\/facilities\/","og_site_name":"Pinetrees Riding Centre","article_modified_time":"2024-02-06T15:46:25+00:00","og_image":[{"width":1000,"height":671,"url":"https:\/\/pinetrees.pt\/wp-content\/uploads\/2015\/06\/Facilities.jpg","type":"image\/jpeg"}],"twitter_card":"summary_large_image","twitter_misc":{"Gesch\u00e4tzte Lesezeit":"1\u00a0Minute"},"schema":{"@context":"https:\/\/schema.org","@graph":[{"@type":"WebPage","@id":"https:\/\/pinetrees.pt\/pt\/about\/facilities\/","url":"https:\/\/pinetrees.pt\/pt\/about\/facilities\/","name":"Facilities | Pinetrees Riding Centre","isPartOf":{"@id":"https:\/\/www.pinetrees.pt.algarvecomputercentre.com\/#website"},"primaryImageOfPage":{"@id":"https:\/\/pinetrees.pt\/pt\/about\/facilities\/#primaryimage"},"image":{"@id":"https:\/\/pinetrees.pt\/pt\/about\/facilities\/#primaryimage"},"thumbnailUrl":"https:\/\/pinetrees.pt.algarvecomputercentre.com\/wp-content\/uploads\/2015\/06\/Facilities.jpg","datePublished":"2015-06-23T13:04:14+00:00","dateModified":"2024-02-06T15:46:25+00:00","breadcrumb":{"@id":"https:\/\/pinetrees.pt\/pt\/about\/facilities\/#breadcrumb"},"inLanguage":"de","potentialAction":[{"@type":"ReadAction","target":["https:\/\/pinetrees.pt\/pt\/about\/facilities\/"]}]},{"@type":"ImageObject","inLanguage":"de","@id":"https:\/\/pinetrees.pt\/pt\/about\/facilities\/#primaryimage","url":"https:\/\/pinetrees.pt.algarvecomputercentre.com\/wp-content\/uploads\/2015\/06\/Facilities.jpg","contentUrl":"https:\/\/pinetrees.pt.algarvecomputercentre.com\/wp-content\/uploads\/2015\/06\/Facilities.jpg","width":1000,"height":671},{"@type":"BreadcrumbList","@id":"https:\/\/pinetrees.pt\/pt\/about\/facilities\/#breadcrumb","itemListElement":[{"@type":"ListItem","position":1,"name":"Home","item":"https:\/\/www.pinetrees.pt.algarvecomputercentre.com\/"},{"@type":"ListItem","position":2,"name":"About the horse riding centre","item":"https:\/\/www.pinetrees.pt.algarvecomputercentre.com\/about\/"},{"@type":"ListItem","position":3,"name":"Facilities"}]},{"@type":"WebSite","@id":"https:\/\/www.pinetrees.pt.algarvecomputercentre.com\/#website","url":"https:\/\/www.pinetrees.pt.algarvecomputercentre.com\/","name":"Pinetrees Riding Centre","description":"Your best riding experience in Algarve","potentialAction":[{"@type":"SearchAction","target":{"@type":"EntryPoint","urlTemplate":"https:\/\/www.pinetrees.pt.algarvecomputercentre.com\/?s={search_term_string}"},"query-input":{"@type":"PropertyValueSpecification","valueRequired":true,"valueName":"search_term_string"}}],"inLanguage":"de"}]}},"_links":{"self":[{"href":"https:\/\/pinetrees.pt.algarvecomputercentre.com\/de\/wp-json\/wp\/v2\/pages\/24","targetHints":{"allow":["GET"]}}],"collection":[{"href":"https:\/\/pinetrees.pt.algarvecomputercentre.com\/de\/wp-json\/wp\/v2\/pages"}],"about":[{"href":"https:\/\/pinetrees.pt.algarvecomputercentre.com\/de\/wp-json\/wp\/v2\/types\/page"}],"author":[{"embeddable":true,"href":"https:\/\/pinetrees.pt.algarvecomputercentre.com\/de\/wp-json\/wp\/v2\/users\/1"}],"replies":[{"embeddable":true,"href":"https:\/\/pinetrees.pt.algarvecomputercentre.com\/de\/wp-json\/wp\/v2\/comments?post=24"}],"version-history":[{"count":14,"href":"https:\/\/pinetrees.pt.algarvecomputercentre.com\/de\/wp-json\/wp\/v2\/pages\/24\/revisions"}],"predecessor-version":[{"id":18052,"href":"https:\/\/pinetrees.pt.algarvecomputercentre.com\/de\/wp-json\/wp\/v2\/pages\/24\/revisions\/18052"}],"up":[{"embeddable":true,"href":"https:\/\/pinetrees.pt.algarvecomputercentre.com\/de\/wp-json\/wp\/v2\/pages\/34"}],"wp:featuredmedia":[{"embeddable":true,"href":"https:\/\/pinetrees.pt.algarvecomputercentre.com\/de\/wp-json\/wp\/v2\/media\/41"}],"wp:attachment":[{"href":"https:\/\/pinetrees.pt.algarvecomputercentre.com\/de\/wp-json\/wp\/v2\/media?parent=24"}],"curies":[{"name":"wp","href":"https:\/\/api.w.org\/{rel}","templated":true}]}}