{"id":34,"date":"2015-06-24T16:01:45","date_gmt":"2015-06-24T16:01:45","guid":{"rendered":"http:\/\/pines.greatcrew.eu\/?page_id=34"},"modified":"2025-06-28T15:16:11","modified_gmt":"2025-06-28T15:16:11","slug":"about","status":"publish","type":"page","link":"https:\/\/pinetrees.pt.algarvecomputercentre.com\/de\/about\/","title":{"rendered":"About the horse riding centre"},"content":{"rendered":"<p class=\"qtranxs-available-languages-message qtranxs-available-languages-message-de\">Leider ist der Eintrag nur auf <a href=\"https:\/\/pinetrees.pt.algarvecomputercentre.com\/en\/wp-json\/wp\/v2\/pages\/34\" class=\"qtranxs-available-language-link qtranxs-available-language-link-en\" title=\"English\">English<\/a> und <a href=\"https:\/\/pinetrees.pt.algarvecomputercentre.com\/ru\/wp-json\/wp\/v2\/pages\/34\" class=\"qtranxs-available-language-link qtranxs-available-language-link-ru\" title=\"\u0420\u0443\u0441\u0441\u043a\u0438\u0439\">\u0420\u0443\u0441\u0441\u043a\u0438\u0439<\/a> verf\u00fcgbar. Der Inhalt wird in der Standard-Sprache dieser Website angezeigt. Sie k\u00f6nnen einen Link anklicken, um zu einer anderen verf\u00fcgbaren Sprache zu wechseln.<\/p><p><\/p>\n<h2><a href=\"https:\/\/pinetrees.pt\/wp-content\/uploads\/2015\/06\/About-Centre.jpg\"><img loading=\"lazy\" decoding=\"async\" class=\" size-medium wp-image-35 alignright\" src=\"https:\/\/pinetrees.pt\/wp-content\/uploads\/2015\/06\/About-Centre-205x300.jpg\" alt=\"About-Centre\" width=\"205\" height=\"300\" srcset=\"https:\/\/pinetrees.pt.algarvecomputercentre.com\/wp-content\/uploads\/2015\/06\/About-Centre-205x300.jpg 205w, https:\/\/pinetrees.pt.algarvecomputercentre.com\/wp-content\/uploads\/2015\/06\/About-Centre-874x1280.jpg 874w, https:\/\/pinetrees.pt.algarvecomputercentre.com\/wp-content\/uploads\/2015\/06\/About-Centre-656x960.jpg 656w, https:\/\/pinetrees.pt.algarvecomputercentre.com\/wp-content\/uploads\/2015\/06\/About-Centre.jpg 899w\" sizes=\"auto, (max-width: 205px) 100vw, 205px\" \/><\/a><\/h2>\n<p>Anyone wishing to do horse riding in the Algarve perhaps will not find a better place than Pinetrees Riding Centre. It is ideally situated between Vale do Lobo, Quinta do Lago, and Almancil, and is only 20 minutes drive from Faro airport.<\/p>\n<p>It offers all that is needed for local residents or as a <strong>horse riding holiday<\/strong>, perhaps staying<em> en famille<\/em> at Pinetrees or in one of the many quality hotels, villas and apartments in the local area.<\/p>\n<p>Pinetrees provides expert <strong>tuition<\/strong> with classical methods for riders from 4\u00a0 to 70 years old, whether novices or <strong>riders with disabilities,<\/strong> on quiet horses and ponies, or more advanced riders training on beautiful, well schooled, <strong>Lusitanos. <\/strong><\/p>\n<p><strong>Riding clothes<\/strong> are supplied within the costs so you will ride more safely, be comfortable and certainly look the part!<\/p>\n<p>The Centre offers riding out directly into the pine forest, past cork trees and the beach area in the <strong>Ria Formosa Nature Reserve<\/strong>. The <em><strong>Pinetrees<\/strong><\/em> <em><strong>Experience<\/strong> <\/em>is an ideal ride for those without much practice.<\/p>\n<p>For children, there are three lovely <strong>ponies<\/strong> for lessons, pony rides and nature walks through the pinewoods adjacent to the centre. Kids enjoy making new friends with other children in an international environment. Pony Club gives parents the chance to relax and do their own thing for a few hours!<\/p>\n<p>The Centre is an <strong>English-run riding school<\/strong> with a friendly, professional international team able to speak half a dozen European languages. It was the first centre in Portugal to receive A.B.R.S. approval! The RNAAT license is 328\/2020<br \/>\nSo whether you want to develop your riding skills, improve your stable management or just ride out through the countryside,<em> <strong>we will take care of you.<\/strong><\/em><\/p>\n<p>Happy Riding<\/p>\n<p>Bev<\/p>\n<p><strong>*Please do not use contact form on this site. Send your information to bevpinetrees@gmail.com or WhatsApp +351 919363190<\/strong><\/p>","protected":false},"excerpt":{"rendered":"<p>Leider ist der Eintrag nur auf English und \u0420\u0443\u0441\u0441\u043a\u0438\u0439 verf\u00fcgbar. Der Inhalt wird in der Standard-Sprache dieser Website angezeigt. Sie k\u00f6nnen einen Link anklicken, um zu einer anderen verf\u00fcgbaren Sprache zu wechseln. Anyone wishing to do horse riding in the Algarve perhaps will not find a better place than Pinetrees Riding Centre. It is ideally [&hellip;]<\/p>\n","protected":false},"author":1,"featured_media":197,"parent":0,"menu_order":0,"comment_status":"open","ping_status":"closed","template":"","meta":{"_acf_changed":false,"footnotes":""},"class_list":["post-34","page","type-page","status-publish","has-post-thumbnail","hentry"],"acf":[],"yoast_head":"<!-- This site is optimized with the Yoast SEO plugin v25.1 - https:\/\/yoast.com\/wordpress\/plugins\/seo\/ -->\n<title>About Centre | Pinetrees Horse Riding Algarve<\/title>\n<meta name=\"robots\" content=\"index, follow, max-snippet:-1, max-image-preview:large, max-video-preview:-1\" \/>\n<link rel=\"canonical\" href=\"https:\/\/pinetrees.pt.algarvecomputercentre.com\/de\/about\/\" \/>\n<meta property=\"og:locale\" content=\"de_DE\" \/>\n<meta property=\"og:type\" content=\"article\" \/>\n<meta property=\"og:title\" content=\"About Centre | Pinetrees Horse Riding Algarve\" \/>\n<meta property=\"og:description\" content=\"Leider ist der Eintrag nur auf English und \u0420\u0443\u0441\u0441\u043a\u0438\u0439 verf\u00fcgbar. Der Inhalt wird in der Standard-Sprache dieser Website angezeigt. Sie k\u00f6nnen einen Link anklicken, um zu einer anderen verf\u00fcgbaren Sprache zu wechseln. Anyone wishing to do horse riding in the Algarve perhaps will not find a better place than Pinetrees Riding Centre. It is ideally [&hellip;]\" \/>\n<meta property=\"og:url\" content=\"https:\/\/pinetrees.pt.algarvecomputercentre.com\/de\/about\/\" \/>\n<meta property=\"og:site_name\" content=\"Pinetrees Riding Centre\" \/>\n<meta property=\"article:modified_time\" content=\"2025-06-28T15:16:11+00:00\" \/>\n<meta property=\"og:image\" content=\"https:\/\/pinetrees.pt.algarvecomputercentre.com\/wp-content\/uploads\/2015\/06\/pinetrees_riding_out.jpg\" \/>\n\t<meta property=\"og:image:width\" content=\"1800\" \/>\n\t<meta property=\"og:image:height\" content=\"1373\" \/>\n\t<meta property=\"og:image:type\" content=\"image\/jpeg\" \/>\n<meta name=\"twitter:card\" content=\"summary_large_image\" \/>\n<meta name=\"twitter:label1\" content=\"Gesch\u00e4tzte Lesezeit\" \/>\n\t<meta name=\"twitter:data1\" content=\"4\u00a0Minuten\" \/>\n<script type=\"application\/ld+json\" class=\"yoast-schema-graph\">{\"@context\":\"https:\/\/schema.org\",\"@graph\":[{\"@type\":\"WebPage\",\"@id\":\"https:\/\/pinetrees.pt.algarvecomputercentre.com\/de\/about\/\",\"url\":\"https:\/\/pinetrees.pt.algarvecomputercentre.com\/de\/about\/\",\"name\":\"About Centre | Pinetrees Horse Riding Algarve\",\"isPartOf\":{\"@id\":\"https:\/\/pinetrees.pt\/#website\"},\"primaryImageOfPage\":{\"@id\":\"https:\/\/pinetrees.pt.algarvecomputercentre.com\/de\/about\/#primaryimage\"},\"image\":{\"@id\":\"https:\/\/pinetrees.pt.algarvecomputercentre.com\/de\/about\/#primaryimage\"},\"thumbnailUrl\":\"https:\/\/pinetrees.pt.algarvecomputercentre.com\/wp-content\/uploads\/2015\/06\/pinetrees_riding_out.jpg\",\"datePublished\":\"2015-06-24T16:01:45+00:00\",\"dateModified\":\"2025-06-28T15:16:11+00:00\",\"breadcrumb\":{\"@id\":\"https:\/\/pinetrees.pt.algarvecomputercentre.com\/de\/about\/#breadcrumb\"},\"inLanguage\":\"de\",\"potentialAction\":[{\"@type\":\"ReadAction\",\"target\":[\"https:\/\/pinetrees.pt.algarvecomputercentre.com\/de\/about\/\"]}]},{\"@type\":\"ImageObject\",\"inLanguage\":\"de\",\"@id\":\"https:\/\/pinetrees.pt.algarvecomputercentre.com\/de\/about\/#primaryimage\",\"url\":\"https:\/\/pinetrees.pt.algarvecomputercentre.com\/wp-content\/uploads\/2015\/06\/pinetrees_riding_out.jpg\",\"contentUrl\":\"https:\/\/pinetrees.pt.algarvecomputercentre.com\/wp-content\/uploads\/2015\/06\/pinetrees_riding_out.jpg\",\"width\":1800,\"height\":1373,\"caption\":\"RIDING WITH OBELIX\"},{\"@type\":\"BreadcrumbList\",\"@id\":\"https:\/\/pinetrees.pt.algarvecomputercentre.com\/de\/about\/#breadcrumb\",\"itemListElement\":[{\"@type\":\"ListItem\",\"position\":1,\"name\":\"Home\",\"item\":\"https:\/\/pinetrees.pt\/\"},{\"@type\":\"ListItem\",\"position\":2,\"name\":\"About the horse riding centre\"}]},{\"@type\":\"WebSite\",\"@id\":\"https:\/\/pinetrees.pt\/#website\",\"url\":\"https:\/\/pinetrees.pt\/\",\"name\":\"Pinetrees Riding Centre\",\"description\":\"Your best riding experience in Algarve\",\"potentialAction\":[{\"@type\":\"SearchAction\",\"target\":{\"@type\":\"EntryPoint\",\"urlTemplate\":\"https:\/\/pinetrees.pt\/?s={search_term_string}\"},\"query-input\":{\"@type\":\"PropertyValueSpecification\",\"valueRequired\":true,\"valueName\":\"search_term_string\"}}],\"inLanguage\":\"de\"}]}<\/script>\n<!-- \/ Yoast SEO plugin. -->","yoast_head_json":{"title":"About Centre | Pinetrees Horse Riding Algarve","robots":{"index":"index","follow":"follow","max-snippet":"max-snippet:-1","max-image-preview":"max-image-preview:large","max-video-preview":"max-video-preview:-1"},"canonical":"https:\/\/pinetrees.pt.algarvecomputercentre.com\/de\/about\/","og_locale":"de_DE","og_type":"article","og_title":"About Centre | Pinetrees Horse Riding Algarve","og_description":"Leider ist der Eintrag nur auf English und \u0420\u0443\u0441\u0441\u043a\u0438\u0439 verf\u00fcgbar. Der Inhalt wird in der Standard-Sprache dieser Website angezeigt. Sie k\u00f6nnen einen Link anklicken, um zu einer anderen verf\u00fcgbaren Sprache zu wechseln. Anyone wishing to do horse riding in the Algarve perhaps will not find a better place than Pinetrees Riding Centre. It is ideally [&hellip;]","og_url":"https:\/\/pinetrees.pt.algarvecomputercentre.com\/de\/about\/","og_site_name":"Pinetrees Riding Centre","article_modified_time":"2025-06-28T15:16:11+00:00","og_image":[{"width":1800,"height":1373,"url":"https:\/\/pinetrees.pt.algarvecomputercentre.com\/wp-content\/uploads\/2015\/06\/pinetrees_riding_out.jpg","type":"image\/jpeg"}],"twitter_card":"summary_large_image","twitter_misc":{"Gesch\u00e4tzte Lesezeit":"4\u00a0Minuten"},"schema":{"@context":"https:\/\/schema.org","@graph":[{"@type":"WebPage","@id":"https:\/\/pinetrees.pt.algarvecomputercentre.com\/de\/about\/","url":"https:\/\/pinetrees.pt.algarvecomputercentre.com\/de\/about\/","name":"About Centre | Pinetrees Horse Riding Algarve","isPartOf":{"@id":"https:\/\/pinetrees.pt\/#website"},"primaryImageOfPage":{"@id":"https:\/\/pinetrees.pt.algarvecomputercentre.com\/de\/about\/#primaryimage"},"image":{"@id":"https:\/\/pinetrees.pt.algarvecomputercentre.com\/de\/about\/#primaryimage"},"thumbnailUrl":"https:\/\/pinetrees.pt.algarvecomputercentre.com\/wp-content\/uploads\/2015\/06\/pinetrees_riding_out.jpg","datePublished":"2015-06-24T16:01:45+00:00","dateModified":"2025-06-28T15:16:11+00:00","breadcrumb":{"@id":"https:\/\/pinetrees.pt.algarvecomputercentre.com\/de\/about\/#breadcrumb"},"inLanguage":"de","potentialAction":[{"@type":"ReadAction","target":["https:\/\/pinetrees.pt.algarvecomputercentre.com\/de\/about\/"]}]},{"@type":"ImageObject","inLanguage":"de","@id":"https:\/\/pinetrees.pt.algarvecomputercentre.com\/de\/about\/#primaryimage","url":"https:\/\/pinetrees.pt.algarvecomputercentre.com\/wp-content\/uploads\/2015\/06\/pinetrees_riding_out.jpg","contentUrl":"https:\/\/pinetrees.pt.algarvecomputercentre.com\/wp-content\/uploads\/2015\/06\/pinetrees_riding_out.jpg","width":1800,"height":1373,"caption":"RIDING WITH OBELIX"},{"@type":"BreadcrumbList","@id":"https:\/\/pinetrees.pt.algarvecomputercentre.com\/de\/about\/#breadcrumb","itemListElement":[{"@type":"ListItem","position":1,"name":"Home","item":"https:\/\/pinetrees.pt\/"},{"@type":"ListItem","position":2,"name":"About the horse riding centre"}]},{"@type":"WebSite","@id":"https:\/\/pinetrees.pt\/#website","url":"https:\/\/pinetrees.pt\/","name":"Pinetrees Riding Centre","description":"Your best riding experience in Algarve","potentialAction":[{"@type":"SearchAction","target":{"@type":"EntryPoint","urlTemplate":"https:\/\/pinetrees.pt\/?s={search_term_string}"},"query-input":{"@type":"PropertyValueSpecification","valueRequired":true,"valueName":"search_term_string"}}],"inLanguage":"de"}]}},"_links":{"self":[{"href":"https:\/\/pinetrees.pt.algarvecomputercentre.com\/de\/wp-json\/wp\/v2\/pages\/34","targetHints":{"allow":["GET"]}}],"collection":[{"href":"https:\/\/pinetrees.pt.algarvecomputercentre.com\/de\/wp-json\/wp\/v2\/pages"}],"about":[{"href":"https:\/\/pinetrees.pt.algarvecomputercentre.com\/de\/wp-json\/wp\/v2\/types\/page"}],"author":[{"embeddable":true,"href":"https:\/\/pinetrees.pt.algarvecomputercentre.com\/de\/wp-json\/wp\/v2\/users\/1"}],"replies":[{"embeddable":true,"href":"https:\/\/pinetrees.pt.algarvecomputercentre.com\/de\/wp-json\/wp\/v2\/comments?post=34"}],"version-history":[{"count":25,"href":"https:\/\/pinetrees.pt.algarvecomputercentre.com\/de\/wp-json\/wp\/v2\/pages\/34\/revisions"}],"predecessor-version":[{"id":19790,"href":"https:\/\/pinetrees.pt.algarvecomputercentre.com\/de\/wp-json\/wp\/v2\/pages\/34\/revisions\/19790"}],"wp:featuredmedia":[{"embeddable":true,"href":"https:\/\/pinetrees.pt.algarvecomputercentre.com\/de\/wp-json\/wp\/v2\/media\/197"}],"wp:attachment":[{"href":"https:\/\/pinetrees.pt.algarvecomputercentre.com\/de\/wp-json\/wp\/v2\/media?parent=34"}],"curies":[{"name":"wp","href":"https:\/\/api.w.org\/{rel}","templated":true}]}}